{"id":9189,"date":"2022-01-05T20:18:26","date_gmt":"2022-01-05T19:18:26","guid":{"rendered":"https:\/\/customdivingsystems.com\/accueil\/"},"modified":"2022-07-11T08:59:35","modified_gmt":"2022-07-11T06:59:35","slug":"accueil","status":"publish","type":"page","link":"https:\/\/customdivingsystems.com\/es\/","title":{"rendered":"Accueil"},"content":{"rendered":"\n<p>Notre soci\u00e9t\u00e9 CDS, fond\u00e9e en 2017, propose exclusivement <strong>des marques<br>que nous connaissons bien<\/strong>, des produits dont nous sommes s\u00fbrs de la qualit\u00e9<br>et de la <strong>fiabilit\u00e9<\/strong> pour pr\u00e9senter aux plongeurs le <strong>meilleur mat\u00e9riel<\/strong><br>leur permettant de <strong>plonger dans les meilleures conditions.<\/strong><br><br>CDS distribue des marques de <strong>mat\u00e9riel de plong\u00e9e<\/strong> \u00e0 destination<br>des revendeurs qui sont au plus pr\u00e8s des plongeurs,<br>de leur quotidien et de leurs besoins.<\/p>\n\n\n\n<p class=\"has-text-align-center\"><strong><a href=\"https:\/\/customdivingsystems.com\/es\/a-propos\/\">En savoir plus + <\/a><\/strong><\/p>\n","protected":false},"excerpt":{"rendered":"<p>Notre soci\u00e9t\u00e9 CDS, fond\u00e9e en 2017, propose exclusivement des marquesque nous connaissons bien, des produits dont nous sommes s\u00fbrs de la qualit\u00e9et de la fiabilit\u00e9 pour pr\u00e9senter aux plongeurs le meilleur mat\u00e9rielleur permettant de plonger dans les meilleures conditions. CDS distribue des marques de mat\u00e9riel de plong\u00e9e \u00e0 destinationdes revendeurs qui sont au plus pr\u00e8s [&hellip;]<\/p>\n","protected":false},"author":1,"featured_media":8895,"parent":0,"menu_order":0,"comment_status":"closed","ping_status":"closed","template":"","meta":{"inline_featured_image":false},"acf":{"parts":[{"image":{"ID":8980,"id":8980,"title":"icn-01","filename":"icn-01.svg","filesize":1872,"url":"https:\/\/customdivingsystems.com\/wp-content\/uploads\/2022\/02\/icn-01.svg","link":"https:\/\/customdivingsystems.com\/es\/accueil\/icn-01-2\/","alt":"","author":"1","description":"","caption":"","name":"icn-01-2","status":"inherit","uploaded_to":9189,"date":"2022-02-06 16:32:56","modified":"2022-02-06 16:32:56","menu_order":0,"mime_type":"image\/svg+xml","type":"image","subtype":"svg+xml","icon":"https:\/\/customdivingsystems.com\/wp-includes\/images\/media\/default.png","width":1,"height":1,"sizes":{"thumbnail":"https:\/\/customdivingsystems.com\/wp-content\/uploads\/2022\/02\/icn-01.svg","thumbnail-width":1,"thumbnail-height":1,"medium":"https:\/\/customdivingsystems.com\/wp-content\/uploads\/2022\/02\/icn-01.svg","medium-width":1,"medium-height":1,"medium_large":"https:\/\/customdivingsystems.com\/wp-content\/uploads\/2022\/02\/icn-01.svg","medium_large-width":1,"medium_large-height":1,"large":"https:\/\/customdivingsystems.com\/wp-content\/uploads\/2022\/02\/icn-01.svg","large-width":1,"large-height":1,"1536x1536":"https:\/\/customdivingsystems.com\/wp-content\/uploads\/2022\/02\/icn-01.svg","1536x1536-width":1,"1536x1536-height":1,"2048x2048":"https:\/\/customdivingsystems.com\/wp-content\/uploads\/2022\/02\/icn-01.svg","2048x2048-width":1,"2048x2048-height":1,"catalogue-thumb-admin":"https:\/\/customdivingsystems.com\/wp-content\/uploads\/2022\/02\/icn-01.svg","catalogue-thumb-admin-width":1,"catalogue-thumb-admin-height":1,"catalogue-cover":"https:\/\/customdivingsystems.com\/wp-content\/uploads\/2022\/02\/icn-01.svg","catalogue-cover-width":1,"catalogue-cover-height":1,"logos-admin":"https:\/\/customdivingsystems.com\/wp-content\/uploads\/2022\/02\/icn-01.svg","logos-admin-width":1,"logos-admin-height":1,"logos":"https:\/\/customdivingsystems.com\/wp-content\/uploads\/2022\/02\/icn-01.svg","logos-width":1,"logos-height":1,"menu-24x24":"https:\/\/customdivingsystems.com\/wp-content\/uploads\/2022\/02\/icn-01.svg","menu-24x24-width":1,"menu-24x24-height":1,"menu-36x36":"https:\/\/customdivingsystems.com\/wp-content\/uploads\/2022\/02\/icn-01.svg","menu-36x36-width":1,"menu-36x36-height":1,"menu-48x48":"https:\/\/customdivingsystems.com\/wp-content\/uploads\/2022\/02\/icn-01.svg","menu-48x48-width":1,"menu-48x48-height":1}},"title":"Exp\u00e9rience","text":"Instructeurs de plong\u00e9e depuis plus de 10 ans : la plong\u00e9e est plus qu'une passion pour notre \u00e9quipe."},{"image":{"ID":8984,"id":8984,"title":"icn-02","filename":"icn-02.svg","filesize":4177,"url":"https:\/\/customdivingsystems.com\/wp-content\/uploads\/2022\/02\/icn-02.svg","link":"https:\/\/customdivingsystems.com\/es\/accueil\/icn-02-2\/","alt":"","author":"1","description":"","caption":"","name":"icn-02-2","status":"inherit","uploaded_to":9189,"date":"2022-02-06 16:33:27","modified":"2022-02-06 16:33:27","menu_order":0,"mime_type":"image\/svg+xml","type":"image","subtype":"svg+xml","icon":"https:\/\/customdivingsystems.com\/wp-includes\/images\/media\/default.png","width":1,"height":1,"sizes":{"thumbnail":"https:\/\/customdivingsystems.com\/wp-content\/uploads\/2022\/02\/icn-02.svg","thumbnail-width":1,"thumbnail-height":1,"medium":"https:\/\/customdivingsystems.com\/wp-content\/uploads\/2022\/02\/icn-02.svg","medium-width":1,"medium-height":1,"medium_large":"https:\/\/customdivingsystems.com\/wp-content\/uploads\/2022\/02\/icn-02.svg","medium_large-width":1,"medium_large-height":1,"large":"https:\/\/customdivingsystems.com\/wp-content\/uploads\/2022\/02\/icn-02.svg","large-width":1,"large-height":1,"1536x1536":"https:\/\/customdivingsystems.com\/wp-content\/uploads\/2022\/02\/icn-02.svg","1536x1536-width":1,"1536x1536-height":1,"2048x2048":"https:\/\/customdivingsystems.com\/wp-content\/uploads\/2022\/02\/icn-02.svg","2048x2048-width":1,"2048x2048-height":1,"catalogue-thumb-admin":"https:\/\/customdivingsystems.com\/wp-content\/uploads\/2022\/02\/icn-02.svg","catalogue-thumb-admin-width":1,"catalogue-thumb-admin-height":1,"catalogue-cover":"https:\/\/customdivingsystems.com\/wp-content\/uploads\/2022\/02\/icn-02.svg","catalogue-cover-width":1,"catalogue-cover-height":1,"logos-admin":"https:\/\/customdivingsystems.com\/wp-content\/uploads\/2022\/02\/icn-02.svg","logos-admin-width":1,"logos-admin-height":1,"logos":"https:\/\/customdivingsystems.com\/wp-content\/uploads\/2022\/02\/icn-02.svg","logos-width":1,"logos-height":1,"menu-24x24":"https:\/\/customdivingsystems.com\/wp-content\/uploads\/2022\/02\/icn-02.svg","menu-24x24-width":1,"menu-24x24-height":1,"menu-36x36":"https:\/\/customdivingsystems.com\/wp-content\/uploads\/2022\/02\/icn-02.svg","menu-36x36-width":1,"menu-36x36-height":1,"menu-48x48":"https:\/\/customdivingsystems.com\/wp-content\/uploads\/2022\/02\/icn-02.svg","menu-48x48-width":1,"menu-48x48-height":1}},"title":"Connaissances","text":"Nous proposons une s\u00e9lection de mat\u00e9riels de plong\u00e9e qui convient \u00e0 tous et r\u00e9pond aux besoins de chacun en toute efficacit\u00e9."},{"image":{"ID":8988,"id":8988,"title":"icn-03","filename":"icn-03.svg","filesize":2781,"url":"https:\/\/customdivingsystems.com\/wp-content\/uploads\/2022\/02\/icn-03.svg","link":"https:\/\/customdivingsystems.com\/es\/accueil\/icn-03-2\/","alt":"","author":"1","description":"","caption":"","name":"icn-03-2","status":"inherit","uploaded_to":9189,"date":"2022-02-06 16:33:52","modified":"2022-02-06 16:33:52","menu_order":0,"mime_type":"image\/svg+xml","type":"image","subtype":"svg+xml","icon":"https:\/\/customdivingsystems.com\/wp-includes\/images\/media\/default.png","width":1,"height":1,"sizes":{"thumbnail":"https:\/\/customdivingsystems.com\/wp-content\/uploads\/2022\/02\/icn-03.svg","thumbnail-width":1,"thumbnail-height":1,"medium":"https:\/\/customdivingsystems.com\/wp-content\/uploads\/2022\/02\/icn-03.svg","medium-width":1,"medium-height":1,"medium_large":"https:\/\/customdivingsystems.com\/wp-content\/uploads\/2022\/02\/icn-03.svg","medium_large-width":1,"medium_large-height":1,"large":"https:\/\/customdivingsystems.com\/wp-content\/uploads\/2022\/02\/icn-03.svg","large-width":1,"large-height":1,"1536x1536":"https:\/\/customdivingsystems.com\/wp-content\/uploads\/2022\/02\/icn-03.svg","1536x1536-width":1,"1536x1536-height":1,"2048x2048":"https:\/\/customdivingsystems.com\/wp-content\/uploads\/2022\/02\/icn-03.svg","2048x2048-width":1,"2048x2048-height":1,"catalogue-thumb-admin":"https:\/\/customdivingsystems.com\/wp-content\/uploads\/2022\/02\/icn-03.svg","catalogue-thumb-admin-width":1,"catalogue-thumb-admin-height":1,"catalogue-cover":"https:\/\/customdivingsystems.com\/wp-content\/uploads\/2022\/02\/icn-03.svg","catalogue-cover-width":1,"catalogue-cover-height":1,"logos-admin":"https:\/\/customdivingsystems.com\/wp-content\/uploads\/2022\/02\/icn-03.svg","logos-admin-width":1,"logos-admin-height":1,"logos":"https:\/\/customdivingsystems.com\/wp-content\/uploads\/2022\/02\/icn-03.svg","logos-width":1,"logos-height":1,"menu-24x24":"https:\/\/customdivingsystems.com\/wp-content\/uploads\/2022\/02\/icn-03.svg","menu-24x24-width":1,"menu-24x24-height":1,"menu-36x36":"https:\/\/customdivingsystems.com\/wp-content\/uploads\/2022\/02\/icn-03.svg","menu-36x36-width":1,"menu-36x36-height":1,"menu-48x48":"https:\/\/customdivingsystems.com\/wp-content\/uploads\/2022\/02\/icn-03.svg","menu-48x48-width":1,"menu-48x48-height":1}},"title":"Rapidit\u00e9","text":"Votre satisfaction est notre priorit\u00e9 : nous nous effor\u00e7ons de r\u00e9pondre \u00e0 la demande en temps et en heures."}]},"yoast_head":"<!-- This site is optimized with the Yoast SEO plugin v19.0 - https:\/\/yoast.com\/wordpress\/plugins\/seo\/ -->\n<title>Accueil - Custom Diving Systems<\/title>\n<meta name=\"robots\" content=\"index, follow, max-snippet:-1, max-image-preview:large, max-video-preview:-1\" \/>\n<link rel=\"canonical\" href=\"https:\/\/customdivingsystems.com\/es\/\" \/>\n<meta property=\"og:locale\" content=\"es_ES\" \/>\n<meta property=\"og:type\" content=\"article\" \/>\n<meta property=\"og:title\" content=\"Accueil - Custom Diving Systems\" \/>\n<meta property=\"og:description\" content=\"Notre soci\u00e9t\u00e9 CDS, fond\u00e9e en 2017, propose exclusivement des marquesque nous connaissons bien, des produits dont nous sommes s\u00fbrs de la qualit\u00e9et de la fiabilit\u00e9 pour pr\u00e9senter aux plongeurs le meilleur mat\u00e9rielleur permettant de plonger dans les meilleures conditions. CDS distribue des marques de mat\u00e9riel de plong\u00e9e \u00e0 destinationdes revendeurs qui sont au plus pr\u00e8s [&hellip;]\" \/>\n<meta property=\"og:url\" content=\"https:\/\/customdivingsystems.com\/es\/\" \/>\n<meta property=\"og:site_name\" content=\"Custom Diving Systems\" \/>\n<meta property=\"article:modified_time\" content=\"2022-07-11T06:59:35+00:00\" \/>\n<meta property=\"og:image\" content=\"https:\/\/customdivingsystems.com\/wp-content\/uploads\/2022\/01\/VL15000PRC@1X.png\" \/>\n\t<meta property=\"og:image:width\" content=\"460\" \/>\n\t<meta property=\"og:image:height\" content=\"400\" \/>\n\t<meta property=\"og:image:type\" content=\"image\/png\" \/>\n<meta name=\"twitter:card\" content=\"summary_large_image\" \/>\n<script type=\"application\/ld+json\" class=\"yoast-schema-graph\">{\"@context\":\"https:\/\/schema.org\",\"@graph\":[{\"@type\":\"WebSite\",\"@id\":\"https:\/\/customdivingsystems.com\/#website\",\"url\":\"https:\/\/customdivingsystems.com\/\",\"name\":\"Custom Diving Systems\",\"description\":\"Distributeur de mat\u00e9riel de plong\u00e9e\",\"potentialAction\":[{\"@type\":\"SearchAction\",\"target\":{\"@type\":\"EntryPoint\",\"urlTemplate\":\"https:\/\/customdivingsystems.com\/?s={search_term_string}\"},\"query-input\":\"required name=search_term_string\"}],\"inLanguage\":\"es\"},{\"@type\":\"ImageObject\",\"inLanguage\":\"es\",\"@id\":\"https:\/\/customdivingsystems.com\/es\/#primaryimage\",\"url\":\"https:\/\/customdivingsystems.com\/wp-content\/uploads\/2022\/01\/VL15000PRC@1X.png\",\"contentUrl\":\"https:\/\/customdivingsystems.com\/wp-content\/uploads\/2022\/01\/VL15000PRC@1X.png\",\"width\":460,\"height\":400},{\"@type\":\"WebPage\",\"@id\":\"https:\/\/customdivingsystems.com\/es\/#webpage\",\"url\":\"https:\/\/customdivingsystems.com\/es\/\",\"name\":\"Accueil - Custom Diving Systems\",\"isPartOf\":{\"@id\":\"https:\/\/customdivingsystems.com\/#website\"},\"primaryImageOfPage\":{\"@id\":\"https:\/\/customdivingsystems.com\/es\/#primaryimage\"},\"datePublished\":\"2022-01-05T19:18:26+00:00\",\"dateModified\":\"2022-07-11T06:59:35+00:00\",\"breadcrumb\":{\"@id\":\"https:\/\/customdivingsystems.com\/es\/#breadcrumb\"},\"inLanguage\":\"es\",\"potentialAction\":[{\"@type\":\"ReadAction\",\"target\":[\"https:\/\/customdivingsystems.com\/es\/\"]}]},{\"@type\":\"BreadcrumbList\",\"@id\":\"https:\/\/customdivingsystems.com\/es\/#breadcrumb\",\"itemListElement\":[{\"@type\":\"ListItem\",\"position\":1,\"name\":\"Home\",\"item\":\"https:\/\/customdivingsystems.com\/es\/\"},{\"@type\":\"ListItem\",\"position\":2,\"name\":\"Accueil\"}]}]}<\/script>\n<!-- \/ Yoast SEO plugin. -->","yoast_head_json":{"title":"Accueil - Custom Diving Systems","robots":{"index":"index","follow":"follow","max-snippet":"max-snippet:-1","max-image-preview":"max-image-preview:large","max-video-preview":"max-video-preview:-1"},"canonical":"https:\/\/customdivingsystems.com\/es\/","og_locale":"es_ES","og_type":"article","og_title":"Accueil - Custom Diving Systems","og_description":"Notre soci\u00e9t\u00e9 CDS, fond\u00e9e en 2017, propose exclusivement des marquesque nous connaissons bien, des produits dont nous sommes s\u00fbrs de la qualit\u00e9et de la fiabilit\u00e9 pour pr\u00e9senter aux plongeurs le meilleur mat\u00e9rielleur permettant de plonger dans les meilleures conditions. CDS distribue des marques de mat\u00e9riel de plong\u00e9e \u00e0 destinationdes revendeurs qui sont au plus pr\u00e8s [&hellip;]","og_url":"https:\/\/customdivingsystems.com\/es\/","og_site_name":"Custom Diving Systems","article_modified_time":"2022-07-11T06:59:35+00:00","og_image":[{"width":460,"height":400,"url":"https:\/\/customdivingsystems.com\/wp-content\/uploads\/2022\/01\/VL15000PRC@1X.png","type":"image\/png"}],"twitter_card":"summary_large_image","schema":{"@context":"https:\/\/schema.org","@graph":[{"@type":"WebSite","@id":"https:\/\/customdivingsystems.com\/#website","url":"https:\/\/customdivingsystems.com\/","name":"Custom Diving Systems","description":"Distributeur de mat\u00e9riel de plong\u00e9e","potentialAction":[{"@type":"SearchAction","target":{"@type":"EntryPoint","urlTemplate":"https:\/\/customdivingsystems.com\/?s={search_term_string}"},"query-input":"required name=search_term_string"}],"inLanguage":"es"},{"@type":"ImageObject","inLanguage":"es","@id":"https:\/\/customdivingsystems.com\/es\/#primaryimage","url":"https:\/\/customdivingsystems.com\/wp-content\/uploads\/2022\/01\/VL15000PRC@1X.png","contentUrl":"https:\/\/customdivingsystems.com\/wp-content\/uploads\/2022\/01\/VL15000PRC@1X.png","width":460,"height":400},{"@type":"WebPage","@id":"https:\/\/customdivingsystems.com\/es\/#webpage","url":"https:\/\/customdivingsystems.com\/es\/","name":"Accueil - Custom Diving Systems","isPartOf":{"@id":"https:\/\/customdivingsystems.com\/#website"},"primaryImageOfPage":{"@id":"https:\/\/customdivingsystems.com\/es\/#primaryimage"},"datePublished":"2022-01-05T19:18:26+00:00","dateModified":"2022-07-11T06:59:35+00:00","breadcrumb":{"@id":"https:\/\/customdivingsystems.com\/es\/#breadcrumb"},"inLanguage":"es","potentialAction":[{"@type":"ReadAction","target":["https:\/\/customdivingsystems.com\/es\/"]}]},{"@type":"BreadcrumbList","@id":"https:\/\/customdivingsystems.com\/es\/#breadcrumb","itemListElement":[{"@type":"ListItem","position":1,"name":"Home","item":"https:\/\/customdivingsystems.com\/es\/"},{"@type":"ListItem","position":2,"name":"Accueil"}]}]}},"_links":{"self":[{"href":"https:\/\/customdivingsystems.com\/es\/wp-json\/wp\/v2\/pages\/9189"}],"collection":[{"href":"https:\/\/customdivingsystems.com\/es\/wp-json\/wp\/v2\/pages"}],"about":[{"href":"https:\/\/customdivingsystems.com\/es\/wp-json\/wp\/v2\/types\/page"}],"author":[{"embeddable":true,"href":"https:\/\/customdivingsystems.com\/es\/wp-json\/wp\/v2\/users\/1"}],"replies":[{"embeddable":true,"href":"https:\/\/customdivingsystems.com\/es\/wp-json\/wp\/v2\/comments?post=9189"}],"version-history":[{"count":4,"href":"https:\/\/customdivingsystems.com\/es\/wp-json\/wp\/v2\/pages\/9189\/revisions"}],"predecessor-version":[{"id":11891,"href":"https:\/\/customdivingsystems.com\/es\/wp-json\/wp\/v2\/pages\/9189\/revisions\/11891"}],"wp:featuredmedia":[{"embeddable":true,"href":"https:\/\/customdivingsystems.com\/es\/wp-json\/wp\/v2\/media\/8895"}],"wp:attachment":[{"href":"https:\/\/customdivingsystems.com\/es\/wp-json\/wp\/v2\/media?parent=9189"}],"curies":[{"name":"wp","href":"https:\/\/api.w.org\/{rel}","templated":true}]}}